{"id":5490,"date":"2016-12-27T15:02:42","date_gmt":"2016-12-27T12:02:42","guid":{"rendered":"http:\/\/tasarimcozumleri.com\/eceelektronik?product=ur-9ut-18"},"modified":"2017-04-07T15:49:16","modified_gmt":"2017-04-07T12:49:16","slug":"ur-9ut-18","status":"publish","type":"product","link":"https:\/\/eceelektronik.com\/en\/urunler\/ur-9ut-18\/","title":{"rendered":"UR-9\/UT-18"},"content":{"rendered":"<p>\u00d6zellikler :\u00c7ift Anten, Tek Yaka Diversity, 16 Kanal, Pil \u015earj Fonksyonu, UHF<\/p>\n","protected":false},"excerpt":{"rendered":"<p>\u00c7ift Anten, Tek Yaka Diversity, 16 Kanal, Pil \u015earj Fonksyonu, UHF<\/p>\n","protected":false},"featured_media":5491,"template":"","meta":[],"product_brand":[275],"product_cat":[291,364,310,340],"product_tag":[],"class_list":{"0":"post-5490","1":"product","2":"type-product","3":"status-publish","4":"has-post-thumbnail","6":"product_brand-mascot","7":"product_cat-audio-systems-en","8":"product_cat-mascot-en","9":"product_cat-mikrofonlar-en","10":"product_cat-telsiz-mikrofonlar-en","11":"has-post-title","12":"has-post-date","13":"has-post-category","14":"has-post-tag","15":"has-post-comment","16":"has-post-author","17":"","19":"first","20":"outofstock","21":"shipping-taxable","22":"product-type-simple"},"builder_content":"","_links":{"self":[{"href":"https:\/\/eceelektronik.com\/en\/wp-json\/wp\/v2\/product\/5490","targetHints":{"allow":["GET"]}}],"collection":[{"href":"https:\/\/eceelektronik.com\/en\/wp-json\/wp\/v2\/product"}],"about":[{"href":"https:\/\/eceelektronik.com\/en\/wp-json\/wp\/v2\/types\/product"}],"wp:featuredmedia":[{"embeddable":true,"href":"https:\/\/eceelektronik.com\/en\/wp-json\/wp\/v2\/media\/5491"}],"wp:attachment":[{"href":"https:\/\/eceelektronik.com\/en\/wp-json\/wp\/v2\/media?parent=5490"}],"wp:term":[{"taxonomy":"product_brand","embeddable":true,"href":"https:\/\/eceelektronik.com\/en\/wp-json\/wp\/v2\/product_brand?post=5490"},{"taxonomy":"product_cat","embeddable":true,"href":"https:\/\/eceelektronik.com\/en\/wp-json\/wp\/v2\/product_cat?post=5490"},{"taxonomy":"product_tag","embeddable":true,"href":"https:\/\/eceelektronik.com\/en\/wp-json\/wp\/v2\/product_tag?post=5490"}],"curies":[{"name":"wp","href":"https:\/\/api.w.org\/{rel}","templated":true}]}}