{"id":5484,"date":"2016-12-27T15:02:34","date_gmt":"2016-12-27T12:02:34","guid":{"rendered":"http:\/\/tasarimcozumleri.com\/eceelektronik?product=ur-5diem-168"},"modified":"2017-04-07T15:49:28","modified_gmt":"2017-04-07T12:49:28","slug":"ur-5diem-168","status":"publish","type":"product","link":"https:\/\/eceelektronik.com\/en\/urunler\/ur-5diem-168\/","title":{"rendered":"UR-5D\/IEM 168"},"content":{"rendered":"<p>\u00d6zellikler :In-ear Monit\u00f6r Sistemi Diversity UHF Receiver 64 Kanal ve UHF Transmitter 64 Kanal. Kulakl\u0131k Dahil<\/p>\n<div><\/div>\n","protected":false},"excerpt":{"rendered":"<div class=\"browseProductImageDescription\">In-ear Monit\u00f6r Sistemi Diversity UHF Receiver 64 Kanal ve UHF Transmitter 64 Kanal. Kulakl\u0131k Dahil<\/div>\n","protected":false},"featured_media":5485,"template":"","meta":[],"product_brand":[275],"product_cat":[291,364,310,340],"product_tag":[],"class_list":{"0":"post-5484","1":"product","2":"type-product","3":"status-publish","4":"has-post-thumbnail","6":"product_brand-mascot","7":"product_cat-audio-systems-en","8":"product_cat-mascot-en","9":"product_cat-mikrofonlar-en","10":"product_cat-telsiz-mikrofonlar-en","11":"has-post-title","12":"has-post-date","13":"has-post-category","14":"has-post-tag","15":"has-post-comment","16":"has-post-author","17":"","19":"first","20":"outofstock","21":"shipping-taxable","22":"product-type-simple"},"builder_content":"","_links":{"self":[{"href":"https:\/\/eceelektronik.com\/en\/wp-json\/wp\/v2\/product\/5484","targetHints":{"allow":["GET"]}}],"collection":[{"href":"https:\/\/eceelektronik.com\/en\/wp-json\/wp\/v2\/product"}],"about":[{"href":"https:\/\/eceelektronik.com\/en\/wp-json\/wp\/v2\/types\/product"}],"wp:featuredmedia":[{"embeddable":true,"href":"https:\/\/eceelektronik.com\/en\/wp-json\/wp\/v2\/media\/5485"}],"wp:attachment":[{"href":"https:\/\/eceelektronik.com\/en\/wp-json\/wp\/v2\/media?parent=5484"}],"wp:term":[{"taxonomy":"product_brand","embeddable":true,"href":"https:\/\/eceelektronik.com\/en\/wp-json\/wp\/v2\/product_brand?post=5484"},{"taxonomy":"product_cat","embeddable":true,"href":"https:\/\/eceelektronik.com\/en\/wp-json\/wp\/v2\/product_cat?post=5484"},{"taxonomy":"product_tag","embeddable":true,"href":"https:\/\/eceelektronik.com\/en\/wp-json\/wp\/v2\/product_tag?post=5484"}],"curies":[{"name":"wp","href":"https:\/\/api.w.org\/{rel}","templated":true}]}}