{"id":5481,"date":"2016-12-27T15:02:27","date_gmt":"2016-12-27T12:02:27","guid":{"rendered":"http:\/\/tasarimcozumleri.com\/eceelektronik?product=ur-16uf-18"},"modified":"2017-04-07T15:49:39","modified_gmt":"2017-04-07T12:49:39","slug":"ur-16uf-18","status":"publish","type":"product","link":"https:\/\/eceelektronik.com\/en\/urunler\/ur-16uf-18\/","title":{"rendered":"UR-16\/UF-18"},"content":{"rendered":"<p>\u00d6zellikler :\u00c7ift Anten, \u00c7ift El Diversity, 16 Kanal, UHF<\/p>\n","protected":false},"excerpt":{"rendered":"<p>\u00c7ift Anten, \u00c7ift El Diversity, 16 Kanal, UHF<\/p>\n","protected":false},"featured_media":5483,"template":"","meta":[],"product_brand":[275],"product_cat":[291,364,310,340],"product_tag":[],"class_list":{"0":"post-5481","1":"product","2":"type-product","3":"status-publish","4":"has-post-thumbnail","6":"product_brand-mascot","7":"product_cat-audio-systems-en","8":"product_cat-mascot-en","9":"product_cat-mikrofonlar-en","10":"product_cat-telsiz-mikrofonlar-en","11":"has-post-title","12":"has-post-date","13":"has-post-category","14":"has-post-tag","15":"has-post-comment","16":"has-post-author","17":"","19":"first","20":"outofstock","21":"shipping-taxable","22":"product-type-simple"},"builder_content":"","_links":{"self":[{"href":"https:\/\/eceelektronik.com\/en\/wp-json\/wp\/v2\/product\/5481","targetHints":{"allow":["GET"]}}],"collection":[{"href":"https:\/\/eceelektronik.com\/en\/wp-json\/wp\/v2\/product"}],"about":[{"href":"https:\/\/eceelektronik.com\/en\/wp-json\/wp\/v2\/types\/product"}],"wp:featuredmedia":[{"embeddable":true,"href":"https:\/\/eceelektronik.com\/en\/wp-json\/wp\/v2\/media\/5483"}],"wp:attachment":[{"href":"https:\/\/eceelektronik.com\/en\/wp-json\/wp\/v2\/media?parent=5481"}],"wp:term":[{"taxonomy":"product_brand","embeddable":true,"href":"https:\/\/eceelektronik.com\/en\/wp-json\/wp\/v2\/product_brand?post=5481"},{"taxonomy":"product_cat","embeddable":true,"href":"https:\/\/eceelektronik.com\/en\/wp-json\/wp\/v2\/product_cat?post=5481"},{"taxonomy":"product_tag","embeddable":true,"href":"https:\/\/eceelektronik.com\/en\/wp-json\/wp\/v2\/product_tag?post=5481"}],"curies":[{"name":"wp","href":"https:\/\/api.w.org\/{rel}","templated":true}]}}