{"id":5392,"date":"2016-12-27T14:59:56","date_gmt":"2016-12-27T11:59:56","guid":{"rendered":"http:\/\/tasarimcozumleri.com\/eceelektronik?product=tango-575"},"modified":"2017-04-07T15:58:27","modified_gmt":"2017-04-07T12:58:27","slug":"tango-575","status":"publish","type":"product","link":"https:\/\/eceelektronik.com\/en\/urunler\/tango-575\/","title":{"rendered":"TANGO-575"},"content":{"rendered":"<p>\u00d6zellikler :MOVING HEAD HMI575 AMPUL \u00c7\u0130FT D\u0130SKET 16 GOBO 7 RENK+BEYAZ RAINBOW EFEKT FOCUS, PRSIMA, ROTATION VE SALINIM EFEKTLER 16 KANAL DMX<\/p>\n","protected":false},"excerpt":{"rendered":"<p>MOVING HEAD HMI575 AMPUL \u00c7\u0130FT D\u0130SKET 16 GOBO 7 RENK+BEYAZ RAINBOW EFEKT FOCUS, PRSIMA, ROTATION VE SALINIM EFEKTLER 16 KANAL DMX<\/p>\n","protected":false},"featured_media":5394,"template":"","meta":[],"product_brand":[271],"product_cat":[301,287,302],"product_tag":[],"class_list":{"0":"post-5392","1":"product","2":"type-product","3":"status-publish","4":"has-post-thumbnail","6":"product_brand-eclips","7":"product_cat-eclips-moving-head-en","8":"product_cat-lighting-systems-en","9":"product_cat-moving-head-en","10":"has-post-title","11":"has-post-date","12":"has-post-category","13":"has-post-tag","14":"has-post-comment","15":"has-post-author","16":"","18":"first","19":"outofstock","20":"shipping-taxable","21":"product-type-simple"},"builder_content":"","_links":{"self":[{"href":"https:\/\/eceelektronik.com\/en\/wp-json\/wp\/v2\/product\/5392","targetHints":{"allow":["GET"]}}],"collection":[{"href":"https:\/\/eceelektronik.com\/en\/wp-json\/wp\/v2\/product"}],"about":[{"href":"https:\/\/eceelektronik.com\/en\/wp-json\/wp\/v2\/types\/product"}],"wp:featuredmedia":[{"embeddable":true,"href":"https:\/\/eceelektronik.com\/en\/wp-json\/wp\/v2\/media\/5394"}],"wp:attachment":[{"href":"https:\/\/eceelektronik.com\/en\/wp-json\/wp\/v2\/media?parent=5392"}],"wp:term":[{"taxonomy":"product_brand","embeddable":true,"href":"https:\/\/eceelektronik.com\/en\/wp-json\/wp\/v2\/product_brand?post=5392"},{"taxonomy":"product_cat","embeddable":true,"href":"https:\/\/eceelektronik.com\/en\/wp-json\/wp\/v2\/product_cat?post=5392"},{"taxonomy":"product_tag","embeddable":true,"href":"https:\/\/eceelektronik.com\/en\/wp-json\/wp\/v2\/product_tag?post=5392"}],"curies":[{"name":"wp","href":"https:\/\/api.w.org\/{rel}","templated":true}]}}