{"id":5037,"date":"2016-12-27T14:46:43","date_gmt":"2016-12-27T11:46:43","guid":{"rendered":"http:\/\/tasarimcozumleri.com\/eceelektronik?product=mt-2050"},"modified":"2017-04-07T17:17:10","modified_gmt":"2017-04-07T14:17:10","slug":"mt-2050","status":"publish","type":"product","link":"https:\/\/eceelektronik.com\/en\/urunler\/mt-2050\/","title":{"rendered":"MT-2050"},"content":{"rendered":"<p>\u00d6zellikler :Kapsul Tipi :Kondansat\u00f6r Frekans Aral\u0131\u011f\u0131 :100Hz-13 kHZ \u00c7\u0131k\u0131\u015f Empedans\u0131 :2 OHM Hassasiyet :-43dB\u00b12dB Ses alg\u0131lama uzakl\u0131\u011f\u0131: 20-50cm G\u00fc\u00e7: DC 3V<\/p>\n","protected":false},"excerpt":{"rendered":"<p>Kapsul Tipi :Kondansat\u00f6r Frekans Aral\u0131\u011f\u0131 :100Hz-13 kHZ \u00c7\u0131k\u0131\u015f Empedans\u0131 :2 OHM Hassasiyet :-43dB\u00b12dB Ses alg\u0131lama uzakl\u0131\u011f\u0131: 20-50cm G\u00fc\u00e7: DC 3V<\/p>\n","protected":false},"featured_media":5038,"template":"","meta":[],"product_brand":[269],"product_cat":[291,308,310,309],"product_tag":[],"class_list":{"0":"post-5037","1":"product","2":"type-product","3":"status-publish","4":"has-post-thumbnail","6":"product_brand-doppler","7":"product_cat-audio-systems-en","8":"product_cat-doppler-kablolu-mikrofonlar-en","9":"product_cat-mikrofonlar-en","10":"product_cat-kablolu-mikrofonlar-en","11":"has-post-title","12":"has-post-date","13":"has-post-category","14":"has-post-tag","15":"has-post-comment","16":"has-post-author","17":"","19":"first","20":"outofstock","21":"shipping-taxable","22":"product-type-simple"},"builder_content":"","_links":{"self":[{"href":"https:\/\/eceelektronik.com\/en\/wp-json\/wp\/v2\/product\/5037","targetHints":{"allow":["GET"]}}],"collection":[{"href":"https:\/\/eceelektronik.com\/en\/wp-json\/wp\/v2\/product"}],"about":[{"href":"https:\/\/eceelektronik.com\/en\/wp-json\/wp\/v2\/types\/product"}],"wp:featuredmedia":[{"embeddable":true,"href":"https:\/\/eceelektronik.com\/en\/wp-json\/wp\/v2\/media\/5038"}],"wp:attachment":[{"href":"https:\/\/eceelektronik.com\/en\/wp-json\/wp\/v2\/media?parent=5037"}],"wp:term":[{"taxonomy":"product_brand","embeddable":true,"href":"https:\/\/eceelektronik.com\/en\/wp-json\/wp\/v2\/product_brand?post=5037"},{"taxonomy":"product_cat","embeddable":true,"href":"https:\/\/eceelektronik.com\/en\/wp-json\/wp\/v2\/product_cat?post=5037"},{"taxonomy":"product_tag","embeddable":true,"href":"https:\/\/eceelektronik.com\/en\/wp-json\/wp\/v2\/product_tag?post=5037"}],"curies":[{"name":"wp","href":"https:\/\/api.w.org\/{rel}","templated":true}]}}