{"id":4918,"date":"2016-12-27T14:43:11","date_gmt":"2016-12-27T11:43:11","guid":{"rendered":"http:\/\/tasarimcozumleri.com\/eceelektronik?product=lenco-l-3808"},"modified":"2017-04-07T17:35:17","modified_gmt":"2017-04-07T14:35:17","slug":"lenco-l-3808","status":"publish","type":"product","link":"https:\/\/eceelektronik.com\/en\/urunler\/lenco-l-3808\/","title":{"rendered":"LENCO L-3808"},"content":{"rendered":"<p>USB BA\u011eLANTILI DIRECT DRIVE P\u0130KAP, PC YE KAYIT, GR\u0130 VEYA BEYAZ RENK SE\u00c7ENE\u011e\u0130, 33\/45 RPM, STEREO PRE-AMPLIFIER, D\u0130J\u0130TAL FORMATA \u00c7EV\u0130RMEK \u0130\u00c7\u0130N USB G\u0130R\u0130\u015e, MMC KARTU\u015e, MEKANIK ARM LIFT, YARI OTOMAT\u0130K, OTOMAT\u0130K D\u00d6N\u00dc\u015e, 450x350x139mmUSB-5,36KG<\/p>\n","protected":false},"excerpt":{"rendered":"<p>USB BA\u011eLANTILI DIRECT DRIVE P\u0130KAP, PC YE KAYIT, GR\u0130 VEYA BEYAZ RENK SE\u00c7ENE\u011e\u0130, 33\/45 RPM, STEREO PRE-AMPLIFIER, D\u0130J\u0130TAL FORMATA \u00c7EV\u0130RMEK \u0130\u00c7\u0130N USB G\u0130R\u0130\u015e, MMC KARTU\u015e, MEKANIK ARM LIFT, YARI OTOMAT\u0130K, OTOMAT\u0130K D\u00d6N\u00dc\u015e, 450x350x139mmUSB-5,36KG<\/p>\n","protected":false},"featured_media":4919,"template":"","meta":[],"product_brand":[278],"product_cat":[291,317,355,320],"product_tag":[],"class_list":{"0":"post-4918","1":"product","2":"type-product","3":"status-publish","4":"has-post-thumbnail","6":"product_brand-lenco","7":"product_cat-audio-systems-en","8":"product_cat-dj-urunleri-en","9":"product_cat-lenco-pikaplar-en","10":"product_cat-pikaplar-en","11":"has-post-title","12":"has-post-date","13":"has-post-category","14":"has-post-tag","15":"has-post-comment","16":"has-post-author","17":"","19":"first","20":"outofstock","21":"shipping-taxable","22":"product-type-simple"},"builder_content":"","_links":{"self":[{"href":"https:\/\/eceelektronik.com\/en\/wp-json\/wp\/v2\/product\/4918","targetHints":{"allow":["GET"]}}],"collection":[{"href":"https:\/\/eceelektronik.com\/en\/wp-json\/wp\/v2\/product"}],"about":[{"href":"https:\/\/eceelektronik.com\/en\/wp-json\/wp\/v2\/types\/product"}],"wp:featuredmedia":[{"embeddable":true,"href":"https:\/\/eceelektronik.com\/en\/wp-json\/wp\/v2\/media\/4919"}],"wp:attachment":[{"href":"https:\/\/eceelektronik.com\/en\/wp-json\/wp\/v2\/media?parent=4918"}],"wp:term":[{"taxonomy":"product_brand","embeddable":true,"href":"https:\/\/eceelektronik.com\/en\/wp-json\/wp\/v2\/product_brand?post=4918"},{"taxonomy":"product_cat","embeddable":true,"href":"https:\/\/eceelektronik.com\/en\/wp-json\/wp\/v2\/product_cat?post=4918"},{"taxonomy":"product_tag","embeddable":true,"href":"https:\/\/eceelektronik.com\/en\/wp-json\/wp\/v2\/product_tag?post=4918"}],"curies":[{"name":"wp","href":"https:\/\/api.w.org\/{rel}","templated":true}]}}