{"id":4888,"date":"2016-12-27T14:42:21","date_gmt":"2016-12-27T11:42:21","guid":{"rendered":"http:\/\/tasarimcozumleri.com\/eceelektronik?product=led-par-mini-set"},"modified":"2017-04-07T17:38:02","modified_gmt":"2017-04-07T14:38:02","slug":"led-par-mini-set","status":"publish","type":"product","link":"https:\/\/eceelektronik.com\/en\/urunler\/led-par-mini-set\/","title":{"rendered":"LED PAR MINI SET"},"content":{"rendered":"<p>\u00d6ZELL\u0130KLER : 8 Mini LED PAR, RGB Strobe Efekt Kontrol Masas\u0131, Sese Duyarl\u0131, DMX, Auto<\/p>\n","protected":false},"excerpt":{"rendered":"<p>8 Mini LED PAR, RGB Strobe Efekt Kontrol Masas\u0131, Sese Duyarl\u0131, DMX, Auto<\/p>\n","protected":false},"featured_media":7330,"template":"","meta":[],"product_brand":[271],"product_cat":[298,299,306,300,287,307],"product_tag":[],"class_list":{"0":"post-4888","1":"product","2":"type-product","3":"status-publish","4":"has-post-thumbnail","6":"product_brand-eclips","7":"product_cat-disko-serisi-en","8":"product_cat-eclips-ledli-urunler-en","9":"product_cat-eclips-par-ve-boyama-serisi-en","10":"product_cat-ledli-urunler-en","11":"product_cat-lighting-systems-en","12":"product_cat-par-ve-boyama-serisi-en","13":"has-post-title","14":"has-post-date","15":"has-post-category","16":"has-post-tag","17":"has-post-comment","18":"has-post-author","19":"","21":"first","22":"outofstock","23":"shipping-taxable","24":"product-type-simple"},"builder_content":"","_links":{"self":[{"href":"https:\/\/eceelektronik.com\/en\/wp-json\/wp\/v2\/product\/4888","targetHints":{"allow":["GET"]}}],"collection":[{"href":"https:\/\/eceelektronik.com\/en\/wp-json\/wp\/v2\/product"}],"about":[{"href":"https:\/\/eceelektronik.com\/en\/wp-json\/wp\/v2\/types\/product"}],"wp:featuredmedia":[{"embeddable":true,"href":"https:\/\/eceelektronik.com\/en\/wp-json\/wp\/v2\/media\/7330"}],"wp:attachment":[{"href":"https:\/\/eceelektronik.com\/en\/wp-json\/wp\/v2\/media?parent=4888"}],"wp:term":[{"taxonomy":"product_brand","embeddable":true,"href":"https:\/\/eceelektronik.com\/en\/wp-json\/wp\/v2\/product_brand?post=4888"},{"taxonomy":"product_cat","embeddable":true,"href":"https:\/\/eceelektronik.com\/en\/wp-json\/wp\/v2\/product_cat?post=4888"},{"taxonomy":"product_tag","embeddable":true,"href":"https:\/\/eceelektronik.com\/en\/wp-json\/wp\/v2\/product_tag?post=4888"}],"curies":[{"name":"wp","href":"https:\/\/api.w.org\/{rel}","templated":true}]}}