{"id":4865,"date":"2016-12-27T14:41:29","date_gmt":"2016-12-27T11:41:29","guid":{"rendered":"http:\/\/tasarimcozumleri.com\/eceelektronik?product=lde-122ag2"},"modified":"2017-04-07T17:39:48","modified_gmt":"2017-04-07T14:39:48","slug":"lde-122ag2","status":"publish","type":"product","link":"https:\/\/eceelektronik.com\/en\/urunler\/lde-122ag2\/","title":{"rendered":"LDE-122AG2"},"content":{"rendered":"<p>\u00d6ZELL\u0130KLER : AKT\u0130F KAB\u0130N HOPARL\u00d6R 12&#8243; 8OHM 350 W RMS SPL 1W \/ 1 m: 101 dB MAX: 127 dB 65 Hz &#8211; 18 kHz 21 KG<\/p>\n","protected":false},"excerpt":{"rendered":"<p>AKT\u0130F KAB\u0130N HOPARL\u00d6R 12&#8243; 8OHM 350 W RMS SPL 1W \/ 1 m: 101 dB MAX: 127 dB 65 Hz &#8211; 18 kHz 21 KG<\/p>\n","protected":false},"featured_media":4867,"template":"","meta":[],"product_brand":[],"product_cat":[291,304,334],"product_tag":[],"class_list":{"0":"post-4865","1":"product","2":"type-product","3":"status-publish","4":"has-post-thumbnail","6":"product_cat-audio-systems-en","7":"product_cat-kabin-hoparlorler-en","8":"product_cat-ld-en","9":"has-post-title","10":"has-post-date","11":"has-post-category","12":"has-post-tag","13":"has-post-comment","14":"has-post-author","15":"","17":"first","18":"outofstock","19":"shipping-taxable","20":"product-type-simple"},"builder_content":"","_links":{"self":[{"href":"https:\/\/eceelektronik.com\/en\/wp-json\/wp\/v2\/product\/4865","targetHints":{"allow":["GET"]}}],"collection":[{"href":"https:\/\/eceelektronik.com\/en\/wp-json\/wp\/v2\/product"}],"about":[{"href":"https:\/\/eceelektronik.com\/en\/wp-json\/wp\/v2\/types\/product"}],"wp:featuredmedia":[{"embeddable":true,"href":"https:\/\/eceelektronik.com\/en\/wp-json\/wp\/v2\/media\/4867"}],"wp:attachment":[{"href":"https:\/\/eceelektronik.com\/en\/wp-json\/wp\/v2\/media?parent=4865"}],"wp:term":[{"taxonomy":"product_brand","embeddable":true,"href":"https:\/\/eceelektronik.com\/en\/wp-json\/wp\/v2\/product_brand?post=4865"},{"taxonomy":"product_cat","embeddable":true,"href":"https:\/\/eceelektronik.com\/en\/wp-json\/wp\/v2\/product_cat?post=4865"},{"taxonomy":"product_tag","embeddable":true,"href":"https:\/\/eceelektronik.com\/en\/wp-json\/wp\/v2\/product_tag?post=4865"}],"curies":[{"name":"wp","href":"https:\/\/api.w.org\/{rel}","templated":true}]}}