{"id":4847,"date":"2016-12-27T14:40:59","date_gmt":"2016-12-27T11:40:59","guid":{"rendered":"http:\/\/tasarimcozumleri.com\/eceelektronik?product=l-90"},"modified":"2017-04-07T17:43:59","modified_gmt":"2017-04-07T14:43:59","slug":"l-90","status":"publish","type":"product","link":"https:\/\/eceelektronik.com\/en\/urunler\/l-90\/","title":{"rendered":"L-90"},"content":{"rendered":"<p>AH\u015eAP KASA USB BA\u011eLANTILI P\u0130KAP, 33\/45 RPM, STEREO PRE-AMPLIFIER, D\u0130J\u0130TAL FORMATA \u00c7EV\u0130RMEK \u0130\u00c7\u0130N USB G\u0130R\u0130\u015e, MMC KARTU\u015e, BELT DRIVE, YARI OTOMAT\u0130K, OTOMAT\u0130K D\u00d6N\u00dc\u015e,OTOMAT\u0130K STOP, ANTI-SKATING, AL\u0130M\u0130NYUM HEADSHELL, WINDOWS XP VE \u00dcZER\u0130, OS X 10.4 VE \u00dcZER\u0130, 450&#215;367,5x130mm-4,62KG<\/p>\n","protected":false},"excerpt":{"rendered":"<p>AH\u015eAP KASA USB BA\u011eLANTILI P\u0130KAP, 33\/45 RPM, STEREO PRE-AMPLIFIER, D\u0130J\u0130TAL FORMATA \u00c7EV\u0130RMEK \u0130\u00c7\u0130N USB G\u0130R\u0130\u015e, MMC KARTU\u015e, BELT DRIVE, YARI OTOMAT\u0130K, OTOMAT\u0130K D\u00d6N\u00dc\u015e,OTOMAT\u0130K STOP, ANTI-SKATING, AL\u0130M\u0130NYUM HEADSHELL, WINDOWS XP VE \u00dcZER\u0130, OS X 10.4 VE \u00dcZER\u0130, 4<\/p>\n","protected":false},"featured_media":4848,"template":"","meta":[],"product_brand":[278],"product_cat":[291,355,320],"product_tag":[],"class_list":{"0":"post-4847","1":"product","2":"type-product","3":"status-publish","4":"has-post-thumbnail","6":"product_brand-lenco","7":"product_cat-audio-systems-en","8":"product_cat-lenco-pikaplar-en","9":"product_cat-pikaplar-en","10":"has-post-title","11":"has-post-date","12":"has-post-category","13":"has-post-tag","14":"has-post-comment","15":"has-post-author","16":"","18":"first","19":"outofstock","20":"shipping-taxable","21":"product-type-simple"},"builder_content":"","_links":{"self":[{"href":"https:\/\/eceelektronik.com\/en\/wp-json\/wp\/v2\/product\/4847","targetHints":{"allow":["GET"]}}],"collection":[{"href":"https:\/\/eceelektronik.com\/en\/wp-json\/wp\/v2\/product"}],"about":[{"href":"https:\/\/eceelektronik.com\/en\/wp-json\/wp\/v2\/types\/product"}],"wp:featuredmedia":[{"embeddable":true,"href":"https:\/\/eceelektronik.com\/en\/wp-json\/wp\/v2\/media\/4848"}],"wp:attachment":[{"href":"https:\/\/eceelektronik.com\/en\/wp-json\/wp\/v2\/media?parent=4847"}],"wp:term":[{"taxonomy":"product_brand","embeddable":true,"href":"https:\/\/eceelektronik.com\/en\/wp-json\/wp\/v2\/product_brand?post=4847"},{"taxonomy":"product_cat","embeddable":true,"href":"https:\/\/eceelektronik.com\/en\/wp-json\/wp\/v2\/product_cat?post=4847"},{"taxonomy":"product_tag","embeddable":true,"href":"https:\/\/eceelektronik.com\/en\/wp-json\/wp\/v2\/product_tag?post=4847"}],"curies":[{"name":"wp","href":"https:\/\/api.w.org\/{rel}","templated":true}]}}