{"id":4843,"date":"2016-12-27T14:40:55","date_gmt":"2016-12-27T11:40:55","guid":{"rendered":"http:\/\/tasarimcozumleri.com\/eceelektronik?product=l-175"},"modified":"2017-04-07T17:44:09","modified_gmt":"2017-04-07T14:44:09","slug":"l-175","status":"publish","type":"product","link":"https:\/\/eceelektronik.com\/en\/urunler\/l-175\/","title":{"rendered":"L-175"},"content":{"rendered":"<p>CAM D\u0130ZAYN USB BA\u011eLANTILI DIRECT DRIVE P\u0130KAP, PC YE KAYIT, 33\/45 RPM, STEREO PRE-AMPLIFIER, D\u0130J\u0130TAL FORMATA \u00c7EV\u0130RMEK \u0130\u00c7\u0130N USB G\u0130R\u0130\u015e, MMC KARTU\u015e, YARI OTOMAT\u0130K, OTOMAT\u0130K D\u00d6N\u00dc\u015e, OTOMAT\u0130K STOP,ANTI SKATING, AL\u0130M\u0130NYUM HEADSHELL, 420x340x110mm-5,1KG<\/p>\n","protected":false},"excerpt":{"rendered":"<p>CAM D\u0130ZAYN USB BA\u011eLANTILI DIRECT DRIVE P\u0130KAP, PC YE KAYIT, 33\/45 RPM, STEREO PRE-AMPLIFIER, D\u0130J\u0130TAL FORMATA \u00c7EV\u0130RMEK \u0130\u00c7\u0130N USB G\u0130R\u0130\u015e, MMC KARTU\u015e, YARI OTOMAT\u0130K, OTOMAT\u0130K D\u00d6N\u00dc\u015e, OTOMAT\u0130K STOP,ANTI SKATING, AL\u0130M\u0130NYUM HEADSHELL, 420x340x110mm-5,1KG<\/p>\n","protected":false},"featured_media":4844,"template":"","meta":[],"product_brand":[278],"product_cat":[291,355,320],"product_tag":[],"class_list":{"0":"post-4843","1":"product","2":"type-product","3":"status-publish","4":"has-post-thumbnail","6":"product_brand-lenco","7":"product_cat-audio-systems-en","8":"product_cat-lenco-pikaplar-en","9":"product_cat-pikaplar-en","10":"has-post-title","11":"has-post-date","12":"has-post-category","13":"has-post-tag","14":"has-post-comment","15":"has-post-author","16":"","18":"first","19":"outofstock","20":"shipping-taxable","21":"product-type-simple"},"builder_content":"","_links":{"self":[{"href":"https:\/\/eceelektronik.com\/en\/wp-json\/wp\/v2\/product\/4843","targetHints":{"allow":["GET"]}}],"collection":[{"href":"https:\/\/eceelektronik.com\/en\/wp-json\/wp\/v2\/product"}],"about":[{"href":"https:\/\/eceelektronik.com\/en\/wp-json\/wp\/v2\/types\/product"}],"wp:featuredmedia":[{"embeddable":true,"href":"https:\/\/eceelektronik.com\/en\/wp-json\/wp\/v2\/media\/4844"}],"wp:attachment":[{"href":"https:\/\/eceelektronik.com\/en\/wp-json\/wp\/v2\/media?parent=4843"}],"wp:term":[{"taxonomy":"product_brand","embeddable":true,"href":"https:\/\/eceelektronik.com\/en\/wp-json\/wp\/v2\/product_brand?post=4843"},{"taxonomy":"product_cat","embeddable":true,"href":"https:\/\/eceelektronik.com\/en\/wp-json\/wp\/v2\/product_cat?post=4843"},{"taxonomy":"product_tag","embeddable":true,"href":"https:\/\/eceelektronik.com\/en\/wp-json\/wp\/v2\/product_tag?post=4843"}],"curies":[{"name":"wp","href":"https:\/\/api.w.org\/{rel}","templated":true}]}}