{"id":4754,"date":"2016-12-27T14:38:32","date_gmt":"2016-12-27T11:38:32","guid":{"rendered":"http:\/\/tasarimcozumleri.com\/eceelektronik?product=hm-1622fx"},"modified":"2017-04-07T18:17:48","modified_gmt":"2017-04-07T15:17:48","slug":"hm-1622fx","status":"publish","type":"product","link":"https:\/\/eceelektronik.com\/en\/urunler\/hm-1622fx\/","title":{"rendered":"HM-1622FX"},"content":{"rendered":"<p>16 MONO+1 STEREO(MP3) USB,AUX,PHANTOM<br \/>\n2&#215;16 EFECT, 2&#215;7 BAND EQ, D\u0130J\u0130TAL EKRAN T\u00dcRK\u00c7E MENU<\/p>\n","protected":false},"excerpt":{"rendered":"<p>16 MONO+1 STEREO(MP3) USB,AUX,PHANTOM<br \/>\n2&#215;16 EFECT, 2&#215;7 BAND EQ, D\u0130J\u0130TAL EKRAN T\u00dcRK\u00c7E MENU<\/p>\n","protected":false},"featured_media":4755,"template":"","meta":[],"product_brand":[],"product_cat":[291,350,314],"product_tag":[],"class_list":{"0":"post-4754","1":"product","2":"type-product","3":"status-publish","4":"has-post-thumbnail","6":"product_cat-audio-systems-en","7":"product_cat-fomix-en","8":"product_cat-power-mixer-ve-ses-mixerleri-en","9":"has-post-title","10":"has-post-date","11":"has-post-category","12":"has-post-tag","13":"has-post-comment","14":"has-post-author","15":"","17":"first","18":"outofstock","19":"featured","20":"shipping-taxable","21":"product-type-simple"},"builder_content":"","_links":{"self":[{"href":"https:\/\/eceelektronik.com\/en\/wp-json\/wp\/v2\/product\/4754","targetHints":{"allow":["GET"]}}],"collection":[{"href":"https:\/\/eceelektronik.com\/en\/wp-json\/wp\/v2\/product"}],"about":[{"href":"https:\/\/eceelektronik.com\/en\/wp-json\/wp\/v2\/types\/product"}],"wp:featuredmedia":[{"embeddable":true,"href":"https:\/\/eceelektronik.com\/en\/wp-json\/wp\/v2\/media\/4755"}],"wp:attachment":[{"href":"https:\/\/eceelektronik.com\/en\/wp-json\/wp\/v2\/media?parent=4754"}],"wp:term":[{"taxonomy":"product_brand","embeddable":true,"href":"https:\/\/eceelektronik.com\/en\/wp-json\/wp\/v2\/product_brand?post=4754"},{"taxonomy":"product_cat","embeddable":true,"href":"https:\/\/eceelektronik.com\/en\/wp-json\/wp\/v2\/product_cat?post=4754"},{"taxonomy":"product_tag","embeddable":true,"href":"https:\/\/eceelektronik.com\/en\/wp-json\/wp\/v2\/product_tag?post=4754"}],"curies":[{"name":"wp","href":"https:\/\/api.w.org\/{rel}","templated":true}]}}