{"id":4687,"date":"2016-12-27T14:36:30","date_gmt":"2016-12-27T11:36:30","guid":{"rendered":"http:\/\/tasarimcozumleri.com\/eceelektronik?product=godj"},"modified":"2017-04-07T18:01:24","modified_gmt":"2017-04-07T15:01:24","slug":"godj","status":"publish","type":"product","link":"https:\/\/eceelektronik.com\/en\/urunler\/godj\/","title":{"rendered":"GODJ"},"content":{"rendered":"<p>MONSTER GODJ \u0130HTAYACINIZ OLAN HER\u015eEY\u0130 KAR\u015eILAR. B\u0130R CONTROLLERDAN DAHA FAZLASI. DOKUNMAT\u0130K EKRANLARI, 4GB DAH\u0130L\u0130 HAFIZASI VE 2TB A KADAR SD KART DESTE\u011e\u0130, EQ, RECORDER, SES EFEKTLER\u0130, SAMPLE PAD, BEAT SEQUENCER, L\u0130 BATARYA(12 SAATE KADAR) VE DAHA FAZLASI&#8230; File manager : General directory based file system (support up to 10000 files) File name\/ Track name\/ BPM sorting Alphabet search \/ History reference Supported file format : MP3, WAV for play back, WAV for recording Player : Two individual players with CUE, PLAY\/PAUSE, LOOP and Tempo control 4-hot CUE memory \/ 9-range loop control (1\/32 to 32-beat) Tempo control (-16.00% ~ + 16.00) with\/without master pitch Automatic synchronization (BPM adjust and beat matching) Recorder : Record Lin-out sound to the internal memory in WAV format Up to 200 files and 2 hours total \/ Can make hardcopies to SD cards Platter operation : Scratch\/ Pitch bend\/ Loop range adjust\/ Cue point search Volume control : Master volume\/ Track volume\/ Crossfader Sound effect : Phaser\/ Flanger\/ Delay\/ Filter\/ Roll \/ Bit Crusher 3-band visual equalizer : Low, Middle, High \/ Support multi touch and knob control Musical Pad : One shot sample pad x 8 \/ Loop sample pad x 8 \/ Drone sample pad x 8 40beat step sequence : Editable preset pattern x 4 \/ User pattern storage x 4 18 instrument sources \/ BPM controller Auto DJ : Normal mix mode \/ Club mix mode \/ House mix mode Option : Cross fader curve control \/ Backlight brightness control \/ Beat LED switch Sound I\/O : 3.5mm Stereo Jack x 4 (Line-out, Headphones, Line-in, Microphone) Line-out 1.0 Vrms \/ Headphones : 1.0 Vrms THD : 0.015% (L-OUT, 1KHz), 0.009% (H.P. OUT, 1KHz) S\/N Ratio : 100dB (L-OUT), 100dB (H.P. OUT) Interface : Mini-B USB x 1 (for USB 2.0 connection and power supply) Storage : Internal Flash Memory (2GB for user space, 1GB for recording space) SD Card Slot x 1 (up to 32 GB) General : 320 x 240 resolution color display 2EA Internal Li-Polymer Battery \/ Max 12hrs play back \/ Support Sleep mode 286g \/ 250mm(W) x 66(D) x 16.8(H) mm<\/p>\n","protected":false},"excerpt":{"rendered":"<p>MONSTER GODJ \u0130HTAYACINIZ OLAN HER\u015eEY\u0130 KAR\u015eILAR. B\u0130R CONTROLLERDAN DAHA FAZLASI. DOKUNMAT\u0130K EKRANLARI, 4GB DAH\u0130L\u0130 HAFIZASI VE 2TB A KADAR SD KART DESTE\u011e\u0130, EQ, RECORDER, SES EFEKTLER\u0130, SAMPLE PAD, BEAT SEQUENCER, L\u0130 BATARYA(12 SAATE KADAR) VE DAHA FAZLASI..<\/p>\n","protected":false},"featured_media":4688,"template":"","meta":[],"product_brand":[274],"product_cat":[291,317,325,349],"product_tag":[],"class_list":{"0":"post-4687","1":"product","2":"type-product","3":"status-publish","4":"has-post-thumbnail","6":"product_brand-monster","7":"product_cat-audio-systems-en","8":"product_cat-dj-urunleri-en","9":"product_cat-midi-controller-digital-dj-en","10":"product_cat-monster-en","11":"has-post-title","12":"has-post-date","13":"has-post-category","14":"has-post-tag","15":"has-post-comment","16":"has-post-author","17":"","19":"first","20":"outofstock","21":"shipping-taxable","22":"product-type-simple"},"builder_content":"","_links":{"self":[{"href":"https:\/\/eceelektronik.com\/en\/wp-json\/wp\/v2\/product\/4687","targetHints":{"allow":["GET"]}}],"collection":[{"href":"https:\/\/eceelektronik.com\/en\/wp-json\/wp\/v2\/product"}],"about":[{"href":"https:\/\/eceelektronik.com\/en\/wp-json\/wp\/v2\/types\/product"}],"wp:featuredmedia":[{"embeddable":true,"href":"https:\/\/eceelektronik.com\/en\/wp-json\/wp\/v2\/media\/4688"}],"wp:attachment":[{"href":"https:\/\/eceelektronik.com\/en\/wp-json\/wp\/v2\/media?parent=4687"}],"wp:term":[{"taxonomy":"product_brand","embeddable":true,"href":"https:\/\/eceelektronik.com\/en\/wp-json\/wp\/v2\/product_brand?post=4687"},{"taxonomy":"product_cat","embeddable":true,"href":"https:\/\/eceelektronik.com\/en\/wp-json\/wp\/v2\/product_cat?post=4687"},{"taxonomy":"product_tag","embeddable":true,"href":"https:\/\/eceelektronik.com\/en\/wp-json\/wp\/v2\/product_tag?post=4687"}],"curies":[{"name":"wp","href":"https:\/\/api.w.org\/{rel}","templated":true}]}}