{"id":4475,"date":"2017-01-19T18:01:57","date_gmt":"2017-01-19T15:01:57","guid":{"rendered":"http:\/\/tasarimcozumleri.com\/eceelektronik?product=dm-300-tr"},"modified":"2017-04-07T15:35:30","modified_gmt":"2017-04-07T12:35:30","slug":"dm-300-tr","status":"publish","type":"product","link":"https:\/\/eceelektronik.com\/en\/urunler\/dm-300-tr\/","title":{"rendered":"DM-300 T\/R"},"content":{"rendered":"<p>UHF-\u00c7\u0130FT ANTEN \u00c7\u0130FT EL-SAB\u0130T FREKANS<\/p>\n","protected":false},"excerpt":{"rendered":"<p>UHF-\u00c7\u0130FT ANTEN \u00c7\u0130FT EL-SAB\u0130T FREKANS<\/p>\n","protected":false},"featured_media":7284,"template":"","meta":[],"product_brand":[269],"product_cat":[291,339,310,340],"product_tag":[],"class_list":{"0":"post-4475","1":"product","2":"type-product","3":"status-publish","4":"has-post-thumbnail","6":"product_brand-doppler","7":"product_cat-audio-systems-en","8":"product_cat-doppler-en","9":"product_cat-mikrofonlar-en","10":"product_cat-telsiz-mikrofonlar-en","11":"has-post-title","12":"has-post-date","13":"has-post-category","14":"has-post-tag","15":"has-post-comment","16":"has-post-author","17":"","19":"first","20":"outofstock","21":"shipping-taxable","22":"product-type-simple"},"builder_content":"","_links":{"self":[{"href":"https:\/\/eceelektronik.com\/en\/wp-json\/wp\/v2\/product\/4475","targetHints":{"allow":["GET"]}}],"collection":[{"href":"https:\/\/eceelektronik.com\/en\/wp-json\/wp\/v2\/product"}],"about":[{"href":"https:\/\/eceelektronik.com\/en\/wp-json\/wp\/v2\/types\/product"}],"wp:featuredmedia":[{"embeddable":true,"href":"https:\/\/eceelektronik.com\/en\/wp-json\/wp\/v2\/media\/7284"}],"wp:attachment":[{"href":"https:\/\/eceelektronik.com\/en\/wp-json\/wp\/v2\/media?parent=4475"}],"wp:term":[{"taxonomy":"product_brand","embeddable":true,"href":"https:\/\/eceelektronik.com\/en\/wp-json\/wp\/v2\/product_brand?post=4475"},{"taxonomy":"product_cat","embeddable":true,"href":"https:\/\/eceelektronik.com\/en\/wp-json\/wp\/v2\/product_cat?post=4475"},{"taxonomy":"product_tag","embeddable":true,"href":"https:\/\/eceelektronik.com\/en\/wp-json\/wp\/v2\/product_tag?post=4475"}],"curies":[{"name":"wp","href":"https:\/\/api.w.org\/{rel}","templated":true}]}}