{"id":4433,"date":"2017-01-19T18:25:57","date_gmt":"2017-01-19T15:25:57","guid":{"rendered":"http:\/\/tasarimcozumleri.com\/eceelektronik?product=dm-500h"},"modified":"2017-04-07T15:34:27","modified_gmt":"2017-04-07T12:34:27","slug":"dm-500h","status":"publish","type":"product","link":"https:\/\/eceelektronik.com\/en\/urunler\/dm-500h\/","title":{"rendered":"DM-500H"},"content":{"rendered":"<p>UHF TELS\u0130Z M\u0130KROFON<br \/>\n4 ADET EL M\u0130KROFONU<br \/>\nSAB\u0130T FREKANSLI<br \/>\n\u00c7\u0130FT ANTEN<\/p>\n","protected":false},"excerpt":{"rendered":"<p>UHF TELS\u0130Z M\u0130KROFON 4 ADET EL M\u0130KROFONU SAB\u0130T FREKANSLI \u00c7\u0130FT ANTEN<\/p>\n<div style=\"width: 320px;\" class=\"wp-video\"><!--[if lt IE 9]><script>document.createElement('video');<\/script><![endif]-->\n<video class=\"wp-video-shortcode\" id=\"video-4433-1\" width=\"320\" height=\"240\" preload=\"metadata\" controls=\"controls\"><source type=\"video\/mp4\" src=\"http:\/\/tasarimcozumleri.com\/eceelektronik\/wp-content\/uploads\/2017\/01\/dm-500h.mp4?_=1\" \/><a href=\"http:\/\/tasarimcozumleri.com\/eceelektronik\/wp-content\/uploads\/2017\/01\/dm-500h.mp4\">http:\/\/tasarimcozumleri.com\/eceelektronik\/wp-content\/uploads\/2017\/01\/dm-500h.mp4<\/a><\/video><\/div>\n","protected":false},"featured_media":7286,"template":"","meta":[],"product_brand":[269],"product_cat":[291,339,310,340],"product_tag":[],"class_list":{"0":"post-4433","1":"product","2":"type-product","3":"status-publish","4":"has-post-thumbnail","6":"product_brand-doppler","7":"product_cat-audio-systems-en","8":"product_cat-doppler-en","9":"product_cat-mikrofonlar-en","10":"product_cat-telsiz-mikrofonlar-en","11":"has-post-title","12":"has-post-date","13":"has-post-category","14":"has-post-tag","15":"has-post-comment","16":"has-post-author","17":"","19":"first","20":"outofstock","21":"featured","22":"shipping-taxable","23":"product-type-simple"},"builder_content":"","_links":{"self":[{"href":"https:\/\/eceelektronik.com\/en\/wp-json\/wp\/v2\/product\/4433","targetHints":{"allow":["GET"]}}],"collection":[{"href":"https:\/\/eceelektronik.com\/en\/wp-json\/wp\/v2\/product"}],"about":[{"href":"https:\/\/eceelektronik.com\/en\/wp-json\/wp\/v2\/types\/product"}],"wp:featuredmedia":[{"embeddable":true,"href":"https:\/\/eceelektronik.com\/en\/wp-json\/wp\/v2\/media\/7286"}],"wp:attachment":[{"href":"https:\/\/eceelektronik.com\/en\/wp-json\/wp\/v2\/media?parent=4433"}],"wp:term":[{"taxonomy":"product_brand","embeddable":true,"href":"https:\/\/eceelektronik.com\/en\/wp-json\/wp\/v2\/product_brand?post=4433"},{"taxonomy":"product_cat","embeddable":true,"href":"https:\/\/eceelektronik.com\/en\/wp-json\/wp\/v2\/product_cat?post=4433"},{"taxonomy":"product_tag","embeddable":true,"href":"https:\/\/eceelektronik.com\/en\/wp-json\/wp\/v2\/product_tag?post=4433"}],"curies":[{"name":"wp","href":"https:\/\/api.w.org\/{rel}","templated":true}]}}