{"id":4281,"date":"2016-12-27T14:33:34","date_gmt":"2016-12-27T11:33:34","guid":{"rendered":"http:\/\/tasarimcozumleri.com\/eceelektronik?product=dv-200"},"modified":"2017-04-07T18:41:43","modified_gmt":"2017-04-07T15:41:43","slug":"dv-200","status":"publish","type":"product","link":"https:\/\/eceelektronik.com\/en\/urunler\/dv-200\/","title":{"rendered":"DV-200"},"content":{"rendered":"<p>\u00d6zellikler :<br \/>\nKAMERA T\u0130P\u0130 M\u0130KROFON<\/p>\n","protected":false},"excerpt":{"rendered":"<p>\u00d6zellikler : KAMERA T\u0130P\u0130 M\u0130KROFON<\/p>\n","protected":false},"featured_media":4282,"template":"","meta":[],"product_brand":[269],"product_cat":[291,308,310,309],"product_tag":[],"class_list":{"0":"post-4281","1":"product","2":"type-product","3":"status-publish","4":"has-post-thumbnail","6":"product_brand-doppler","7":"product_cat-audio-systems-en","8":"product_cat-doppler-kablolu-mikrofonlar-en","9":"product_cat-mikrofonlar-en","10":"product_cat-kablolu-mikrofonlar-en","11":"has-post-title","12":"has-post-date","13":"has-post-category","14":"has-post-tag","15":"has-post-comment","16":"has-post-author","17":"","19":"first","20":"outofstock","21":"shipping-taxable","22":"product-type-simple"},"builder_content":"","_links":{"self":[{"href":"https:\/\/eceelektronik.com\/en\/wp-json\/wp\/v2\/product\/4281","targetHints":{"allow":["GET"]}}],"collection":[{"href":"https:\/\/eceelektronik.com\/en\/wp-json\/wp\/v2\/product"}],"about":[{"href":"https:\/\/eceelektronik.com\/en\/wp-json\/wp\/v2\/types\/product"}],"wp:featuredmedia":[{"embeddable":true,"href":"https:\/\/eceelektronik.com\/en\/wp-json\/wp\/v2\/media\/4282"}],"wp:attachment":[{"href":"https:\/\/eceelektronik.com\/en\/wp-json\/wp\/v2\/media?parent=4281"}],"wp:term":[{"taxonomy":"product_brand","embeddable":true,"href":"https:\/\/eceelektronik.com\/en\/wp-json\/wp\/v2\/product_brand?post=4281"},{"taxonomy":"product_cat","embeddable":true,"href":"https:\/\/eceelektronik.com\/en\/wp-json\/wp\/v2\/product_cat?post=4281"},{"taxonomy":"product_tag","embeddable":true,"href":"https:\/\/eceelektronik.com\/en\/wp-json\/wp\/v2\/product_tag?post=4281"}],"curies":[{"name":"wp","href":"https:\/\/api.w.org\/{rel}","templated":true}]}}