{"id":4241,"date":"2016-12-27T14:32:21","date_gmt":"2016-12-27T11:32:21","guid":{"rendered":"http:\/\/tasarimcozumleri.com\/eceelektronik?product=dm-552b"},"modified":"2017-04-07T18:45:02","modified_gmt":"2017-04-07T15:45:02","slug":"dm-552b","status":"publish","type":"product","link":"https:\/\/eceelektronik.com\/en\/urunler\/dm-552b\/","title":{"rendered":"DM-552B"},"content":{"rendered":"<p>UHF, \u00c7\u0130FT ANTEN \u00c7\u0130FT YAKA, 6&#215;16 KANAL IR D\u0130J\u0130TAL<\/p>\n","protected":false},"excerpt":{"rendered":"<p>UHF, \u00c7\u0130FT ANTEN \u00c7\u0130FT YAKA, 6&#215;16 KANAL IR D\u0130J\u0130TAL<\/p>\n","protected":false},"featured_media":4242,"template":"","meta":[],"product_brand":[269],"product_cat":[291,339,310,340],"product_tag":[],"class_list":{"0":"post-4241","1":"product","2":"type-product","3":"status-publish","4":"has-post-thumbnail","6":"product_brand-doppler","7":"product_cat-audio-systems-en","8":"product_cat-doppler-en","9":"product_cat-mikrofonlar-en","10":"product_cat-telsiz-mikrofonlar-en","11":"has-post-title","12":"has-post-date","13":"has-post-category","14":"has-post-tag","15":"has-post-comment","16":"has-post-author","17":"","19":"first","20":"outofstock","21":"shipping-taxable","22":"product-type-simple"},"builder_content":"","_links":{"self":[{"href":"https:\/\/eceelektronik.com\/en\/wp-json\/wp\/v2\/product\/4241","targetHints":{"allow":["GET"]}}],"collection":[{"href":"https:\/\/eceelektronik.com\/en\/wp-json\/wp\/v2\/product"}],"about":[{"href":"https:\/\/eceelektronik.com\/en\/wp-json\/wp\/v2\/types\/product"}],"wp:featuredmedia":[{"embeddable":true,"href":"https:\/\/eceelektronik.com\/en\/wp-json\/wp\/v2\/media\/4242"}],"wp:attachment":[{"href":"https:\/\/eceelektronik.com\/en\/wp-json\/wp\/v2\/media?parent=4241"}],"wp:term":[{"taxonomy":"product_brand","embeddable":true,"href":"https:\/\/eceelektronik.com\/en\/wp-json\/wp\/v2\/product_brand?post=4241"},{"taxonomy":"product_cat","embeddable":true,"href":"https:\/\/eceelektronik.com\/en\/wp-json\/wp\/v2\/product_cat?post=4241"},{"taxonomy":"product_tag","embeddable":true,"href":"https:\/\/eceelektronik.com\/en\/wp-json\/wp\/v2\/product_tag?post=4241"}],"curies":[{"name":"wp","href":"https:\/\/api.w.org\/{rel}","templated":true}]}}