{"id":4052,"date":"2016-12-27T14:29:20","date_gmt":"2016-12-27T11:29:20","guid":{"rendered":"http:\/\/tasarimcozumleri.com\/eceelektronik?product=d-140"},"modified":"2017-04-07T18:54:10","modified_gmt":"2017-04-07T15:54:10","slug":"d-140","status":"publish","type":"product","link":"https:\/\/eceelektronik.com\/en\/urunler\/d-140\/","title":{"rendered":"D-140"},"content":{"rendered":"<p>\u00d6zellikler : 140 MW \u00c7ift Renk Lazer 60 MW Ye\u015e\u009fil &#8211; 80MW K\u00fdrm\u00fdz\u00fd Ye\u015e\u009fil ve K\u00fdrm\u00fdz\u00fd Ayr\u00fd Olarak \u00c7al\u00fd\u015e\u009f\u00fdr 100 Efekt Sese Duyarl\u00fd DMX512 250 X 230 X 190 MM 3,8 KG<\/p>\n","protected":false},"excerpt":{"rendered":"<p>140 MW \u00c7ift Renk Lazer60 MW Ye\u015e\u009fil &#8211; 80MW K\u00fdrm\u00fdz\u00fdYe\u015e\u009fil ve K\u00fdrm\u00fdz\u00fd Ayr\u00fd Olarak \u00c7al\u00fd\u015e\u009f\u00fdr100 EfektSese Duyarl\u00fdDMX512250 X 230 X 190 MM3,8 KG<\/p>\n","protected":false},"featured_media":4536,"template":"","meta":[],"product_brand":[271],"product_cat":[286,288,287],"product_tag":[],"class_list":{"0":"post-4052","1":"product","2":"type-product","3":"status-publish","4":"has-post-thumbnail","6":"product_brand-eclips","7":"product_cat-eclips-lazer-isik-sistemleri-en","8":"product_cat-lazer-isik-sistemleri-en","9":"product_cat-lighting-systems-en","10":"has-post-title","11":"has-post-date","12":"has-post-category","13":"has-post-tag","14":"has-post-comment","15":"has-post-author","16":"","18":"first","19":"outofstock","20":"shipping-taxable","21":"product-type-simple"},"builder_content":"","_links":{"self":[{"href":"https:\/\/eceelektronik.com\/en\/wp-json\/wp\/v2\/product\/4052","targetHints":{"allow":["GET"]}}],"collection":[{"href":"https:\/\/eceelektronik.com\/en\/wp-json\/wp\/v2\/product"}],"about":[{"href":"https:\/\/eceelektronik.com\/en\/wp-json\/wp\/v2\/types\/product"}],"wp:featuredmedia":[{"embeddable":true,"href":"https:\/\/eceelektronik.com\/en\/wp-json\/wp\/v2\/media\/4536"}],"wp:attachment":[{"href":"https:\/\/eceelektronik.com\/en\/wp-json\/wp\/v2\/media?parent=4052"}],"wp:term":[{"taxonomy":"product_brand","embeddable":true,"href":"https:\/\/eceelektronik.com\/en\/wp-json\/wp\/v2\/product_brand?post=4052"},{"taxonomy":"product_cat","embeddable":true,"href":"https:\/\/eceelektronik.com\/en\/wp-json\/wp\/v2\/product_cat?post=4052"},{"taxonomy":"product_tag","embeddable":true,"href":"https:\/\/eceelektronik.com\/en\/wp-json\/wp\/v2\/product_tag?post=4052"}],"curies":[{"name":"wp","href":"https:\/\/api.w.org\/{rel}","templated":true}]}}