{"id":3934,"date":"2016-12-27T14:24:50","date_gmt":"2016-12-27T11:24:50","guid":{"rendered":"http:\/\/tasarimcozumleri.com\/eceelektronik?product=ambiance-pro"},"modified":"2017-04-07T19:17:29","modified_gmt":"2017-04-07T16:17:29","slug":"ambiance-pro","status":"publish","type":"product","link":"https:\/\/eceelektronik.com\/en\/urunler\/ambiance-pro\/","title":{"rendered":"AMBIANCE PRO"},"content":{"rendered":"<p>\u00d6zellikler: 600MW MAV\u0130,60MW YE\u015e\u0130L,150MW KIRMIZI NOKTASAL\u00a0\u015eEK\u0130LL\u0130 LAZER<\/p>\n","protected":false},"excerpt":{"rendered":"<p>\u00d6zellikler: 600MW MAV\u0130,60MW YE\u015e\u0130L,150MW KIRMIZI NOKTASAL\u00a0\u015eEK\u0130LL\u0130 LAZER<\/p>\n","protected":false},"featured_media":4392,"template":"","meta":[],"product_brand":[271],"product_cat":[286,288,287],"product_tag":[],"class_list":{"0":"post-3934","1":"product","2":"type-product","3":"status-publish","4":"has-post-thumbnail","6":"product_brand-eclips","7":"product_cat-eclips-lazer-isik-sistemleri-en","8":"product_cat-lazer-isik-sistemleri-en","9":"product_cat-lighting-systems-en","10":"has-post-title","11":"has-post-date","12":"has-post-category","13":"has-post-tag","14":"has-post-comment","15":"has-post-author","16":"","18":"first","19":"outofstock","20":"shipping-taxable","21":"product-type-simple"},"builder_content":"","_links":{"self":[{"href":"https:\/\/eceelektronik.com\/en\/wp-json\/wp\/v2\/product\/3934","targetHints":{"allow":["GET"]}}],"collection":[{"href":"https:\/\/eceelektronik.com\/en\/wp-json\/wp\/v2\/product"}],"about":[{"href":"https:\/\/eceelektronik.com\/en\/wp-json\/wp\/v2\/types\/product"}],"wp:featuredmedia":[{"embeddable":true,"href":"https:\/\/eceelektronik.com\/en\/wp-json\/wp\/v2\/media\/4392"}],"wp:attachment":[{"href":"https:\/\/eceelektronik.com\/en\/wp-json\/wp\/v2\/media?parent=3934"}],"wp:term":[{"taxonomy":"product_brand","embeddable":true,"href":"https:\/\/eceelektronik.com\/en\/wp-json\/wp\/v2\/product_brand?post=3934"},{"taxonomy":"product_cat","embeddable":true,"href":"https:\/\/eceelektronik.com\/en\/wp-json\/wp\/v2\/product_cat?post=3934"},{"taxonomy":"product_tag","embeddable":true,"href":"https:\/\/eceelektronik.com\/en\/wp-json\/wp\/v2\/product_tag?post=3934"}],"curies":[{"name":"wp","href":"https:\/\/api.w.org\/{rel}","templated":true}]}}